{"id":45,"date":"2025-11-06T05:32:12","date_gmt":"2025-11-06T05:32:12","guid":{"rendered":"https:\/\/awilja.se\/wordpress\/?page_id=45"},"modified":"2025-11-11T12:26:22","modified_gmt":"2025-11-11T12:26:22","slug":"45-2","status":"publish","type":"page","link":"https:\/\/awilja.se\/index.php\/45-2\/","title":{"rendered":""},"content":{"rendered":"\n<p><\/p>\n\n\n\n<main class=\"wp-block-group has-global-padding is-layout-constrained wp-container-core-group-is-layout-43a74457 wp-block-group-is-layout-constrained\" style=\"margin-top:0;margin-bottom:0;padding-top:0;padding-right:var(--wp--preset--spacing--superbspacing-small);padding-bottom:0;padding-left:var(--wp--preset--spacing--superbspacing-small)\">\n<div class=\"wp-block-group alignfull column-parent-border-radius has-global-padding is-layout-constrained wp-container-core-group-is-layout-87cc3397 wp-block-group-is-layout-constrained\" style=\"margin-top:0;margin-bottom:0;padding-top:var(--wp--preset--spacing--superbspacing-xlarge);padding-right:var(--wp--preset--spacing--superbspacing-small);padding-bottom:var(--wp--preset--spacing--superbspacing-xlarge);padding-left:var(--wp--preset--spacing--superbspacing-small)\">\n<div class=\"wp-block-group alignwide has-global-padding is-layout-constrained wp-container-core-group-is-layout-e52907a5 wp-block-group-is-layout-constrained\">\n<h3 class=\"wp-block-heading has-text-align-center has-primary-color has-text-color has-superbfont-small-font-size\">Tj\u00e4nster med guldkant<\/h3>\n\n\n\n<h2 class=\"wp-block-heading has-text-align-center has-primary-hover-color has-text-color has-superbfont-xlarge-font-size\">Kontakta oss<\/h2>\n\n\n\n<p class=\"has-text-align-center has-mono-2-color has-text-color has-superbfont-small-font-size\">V\u00e4lkommen att kontakta oss<\/p>\n<\/div>\n\n\n\n<div class=\"wp-block-columns is-layout-flex wp-container-core-columns-is-layout-28f84493 wp-block-columns-is-layout-flex\">\n<div class=\"wp-block-column has-primary-hover-background-color has-background is-layout-flow wp-block-column-is-layout-flow\" style=\"padding-top:var(--wp--preset--spacing--superbspacing-small);padding-right:var(--wp--preset--spacing--superbspacing-small);padding-bottom:var(--wp--preset--spacing--superbspacing-small);padding-left:var(--wp--preset--spacing--superbspacing-small)\">\n<h3 class=\"wp-block-heading has-text-align-center has-contrast-light-color has-text-color has-link-color has-superbfont-medium-font-size wp-elements-37319103f66571d1a143fb89ef95d0b7\" style=\"margin-top:0;margin-bottom:0\">Bes\u00f6ksadress<\/h3>\n\n\n\n<p class=\"has-text-align-center has-contrast-light-color has-text-color has-superbfont-xsmall-font-size\" style=\"margin-top:var(--wp--preset--spacing--superbspacing-xxsmall);margin-bottom:0\">Kontoret i \u00c5rj\u00e4ng: Br\u00e4nnarev\u00e4gen 2<br>Kontoret i S\u00e4ffle: Brovillan 1<\/p>\n\n\n\n<p class=\"has-text-align-center has-mono-2-color has-text-color has-superbfont-xsmall-font-size\" style=\"margin-top:var(--wp--preset--spacing--superbspacing-xxsmall);margin-bottom:0\"><\/p>\n<\/div>\n\n\n\n<div class=\"wp-block-column has-primary-hover-background-color has-background is-layout-flow wp-block-column-is-layout-flow\" style=\"padding-top:var(--wp--preset--spacing--superbspacing-small);padding-right:var(--wp--preset--spacing--superbspacing-small);padding-bottom:var(--wp--preset--spacing--superbspacing-small);padding-left:var(--wp--preset--spacing--superbspacing-small)\">\n<h3 class=\"wp-block-heading has-text-align-center has-contrast-light-color has-text-color has-link-color has-superbfont-medium-font-size wp-elements-967f0fe799d6bea03f60336b12fa66fd\" style=\"margin-top:0;margin-bottom:0\">Kontakt<\/h3>\n\n\n\n<p class=\"has-text-align-center has-contrast-light-color has-text-color has-superbfont-xsmall-font-size\" style=\"margin-top:var(--wp--preset--spacing--superbspacing-xxsmall);margin-bottom:0\">Telefon: 070 326 17 68<br>Mail: ingrid@awilja.se<\/p>\n<\/div>\n\n\n\n<div class=\"wp-block-column has-primary-hover-background-color has-background is-layout-flow wp-block-column-is-layout-flow\" style=\"padding-top:var(--wp--preset--spacing--superbspacing-small);padding-right:var(--wp--preset--spacing--superbspacing-small);padding-bottom:var(--wp--preset--spacing--superbspacing-small);padding-left:var(--wp--preset--spacing--superbspacing-small)\">\n<h3 class=\"wp-block-heading has-text-align-center has-contrast-light-color has-text-color has-superbfont-medium-font-size\" style=\"margin-top:0;margin-bottom:0\">Postadress<\/h3>\n\n\n\n<p class=\"has-text-align-center has-contrast-light-color has-text-color has-superbfont-xsmall-font-size\" style=\"margin-top:var(--wp--preset--spacing--superbspacing-xxsmall);margin-bottom:0\">K\u00e5ls\u00e4ter,Blixbol 2<br>66195 V\u00e4rmlands Nys\u00e4ter<\/p>\n<\/div>\n<\/div>\n<\/div>\n<\/main>\n\n\n\n<p class=\"has-contrast-light-background-color has-background\"><\/p>\n\n\n\n<main class=\"wp-block-group has-global-padding is-layout-constrained wp-container-core-group-is-layout-43a74457 wp-block-group-is-layout-constrained\" style=\"margin-top:0;margin-bottom:0;padding-top:0;padding-right:var(--wp--preset--spacing--superbspacing-small);padding-bottom:0;padding-left:var(--wp--preset--spacing--superbspacing-small)\">\n<p><\/p>\n<\/main>\n","protected":false},"excerpt":{"rendered":"<p>Tj\u00e4nster med guldkant Kontakta oss V\u00e4lkommen att kontakta oss Bes\u00f6ksadress Kontoret i \u00c5rj\u00e4ng: Br\u00e4nnarev\u00e4gen 2Kontoret i S\u00e4ffle: Brovillan 1 Kontakt Telefon: 070 326 17 68Mail: ingrid@awilja.se Postadress K\u00e5ls\u00e4ter,Blixbol 266195 V\u00e4rmlands Nys\u00e4ter<\/p>\n","protected":false},"author":1,"featured_media":0,"parent":0,"menu_order":0,"comment_status":"closed","ping_status":"closed","template":"","meta":{"footnotes":""},"class_list":["post-45","page","type-page","status-publish","hentry"],"_links":{"self":[{"href":"https:\/\/awilja.se\/index.php\/wp-json\/wp\/v2\/pages\/45","targetHints":{"allow":["GET"]}}],"collection":[{"href":"https:\/\/awilja.se\/index.php\/wp-json\/wp\/v2\/pages"}],"about":[{"href":"https:\/\/awilja.se\/index.php\/wp-json\/wp\/v2\/types\/page"}],"author":[{"embeddable":true,"href":"https:\/\/awilja.se\/index.php\/wp-json\/wp\/v2\/users\/1"}],"replies":[{"embeddable":true,"href":"https:\/\/awilja.se\/index.php\/wp-json\/wp\/v2\/comments?post=45"}],"version-history":[{"count":13,"href":"https:\/\/awilja.se\/index.php\/wp-json\/wp\/v2\/pages\/45\/revisions"}],"predecessor-version":[{"id":58,"href":"https:\/\/awilja.se\/index.php\/wp-json\/wp\/v2\/pages\/45\/revisions\/58"}],"wp:attachment":[{"href":"https:\/\/awilja.se\/index.php\/wp-json\/wp\/v2\/media?parent=45"}],"curies":[{"name":"wp","href":"https:\/\/api.w.org\/{rel}","templated":true}]}}